{"id":23,"date":"2018-06-01T12:16:43","date_gmt":"2018-06-01T12:16:43","guid":{"rendered":"http:\/\/cysgliadtest.techiaith.cymru\/?page_id=23"},"modified":"2020-05-05T13:02:05","modified_gmt":"2020-05-05T13:02:05","slug":"cysill","status":"publish","type":"page","link":"https:\/\/www.cysgliad.com\/cy\/cysill\/","title":{"rendered":"Cysill"},"content":{"rendered":"<h2>Gwirydd sillafu a gramadeg Cymraeg<\/h2>\n<p>Mae&#8217;r gwirydd sillafu Cysill yn adnabod gwallau teipio a chamsillafu, gan dynnu sylw atyn nhw a chynnig cywiriadau.<\/p>\n<figure id=\"attachment_85\" aria-describedby=\"caption-attachment-85\" style=\"width: 734px\" class=\"wp-caption aligncenter\"><a href=\"\/wp-content\/uploads\/2017\/04\/engreifft.png\"><img loading=\"lazy\" decoding=\"async\" class=\"wp-image-85 size-full\" src=\"\/wp-content\/uploads\/2018\/06\/engreifft.png\" alt=\"\" width=\"734\" height=\"499\" \/><\/a><figcaption id=\"caption-attachment-85\" class=\"wp-caption-text\">Mae Cysill yn adnabod gwallau sillafu ac yn cynnig cywiriadau.<\/figcaption><\/figure>\n<p>Mae\u2019r gwirydd gramadeg yn gallu cywiro camdreiglo a chamgymeriadau gramadegol, gan roi\u2019r rheswm pam mae&#8217;r gwall yn cael ei ystyried yn anghywir.<\/p>\n<figure id=\"attachment_81\" aria-describedby=\"caption-attachment-81\" style=\"width: 742px\" class=\"wp-caption aligncenter\"><a href=\"\/wp-content\/uploads\/2017\/04\/hengwlad.png\"><img loading=\"lazy\" decoding=\"async\" class=\"wp-image-81 size-full\" src=\"\/wp-content\/uploads\/2018\/06\/hengwlad.png\" alt=\"\" width=\"742\" height=\"510\" \/><\/a><figcaption id=\"caption-attachment-81\" class=\"wp-caption-text\">Mae Cysill yn adnabod gwall gramadegol ac yn cynnig y cywiriad priodol. Gallwch ddewis gweld y negeseuon gwall yn y Gymraeg neu\u2019r Saesneg.<\/figcaption><\/figure>\n<h3>Gwirio testunau o fewn offer prosesu geiriau<\/h3>\n<p>Mae&#8217;r rhaglen yn gweithio gyda rhaglenni prosesu geiriau fel Microsoft Word a LibreOffice ar Windows drwy bwyso&#8217;r botwm Gwirio ar y bar offer.<\/p>\n<figure id=\"attachment_88\" aria-describedby=\"caption-attachment-88\" style=\"width: 619px\" class=\"wp-caption aligncenter\"><a href=\"\/wp-content\/uploads\/2017\/04\/Word2016.png\"><img loading=\"lazy\" decoding=\"async\" class=\"wp-image-88 size-full\" src=\"\/wp-content\/uploads\/2018\/06\/Word2016.png\" alt=\"\" width=\"619\" height=\"169\" \/><\/a><figcaption id=\"caption-attachment-88\" class=\"wp-caption-text\"><br \/>Cysill a Cysgeir yn <strong>Microsoft Word 2016<\/strong>. Mae\u2019r ddwy raglen yn gweithio hefyd gyda fersiynau blaenorol Microsoft Word yn ogystal \u00e2 Microsoft Outlook.<\/figcaption><\/figure>\n<figure id=\"attachment_90\" aria-describedby=\"caption-attachment-90\" style=\"width: 576px\" class=\"wp-caption aligncenter\"><a href=\"\/wp-content\/uploads\/2017\/04\/LibreOffice.png\"><img loading=\"lazy\" decoding=\"async\" class=\"wp-image-90 size-full\" src=\"\/wp-content\/uploads\/2018\/06\/LibreOffice.png\" alt=\"\" width=\"576\" height=\"140\" \/><\/a><figcaption id=\"caption-attachment-90\" class=\"wp-caption-text\">Cysill a Cysgeir yn <strong>LibreOffice ar Windows<\/strong>.<\/figcaption><\/figure>\n<figure id=\"attachment_87\" aria-describedby=\"caption-attachment-87\" style=\"width: 507px\" class=\"wp-caption aligncenter\"><a href=\"\/wp-content\/uploads\/2017\/04\/Outlook2016.png\"><img loading=\"lazy\" decoding=\"async\" class=\"wp-image-87 size-full\" src=\"\/wp-content\/uploads\/2018\/06\/Outlook2016.png\" alt=\"\" width=\"507\" height=\"165\" \/><\/a><figcaption id=\"caption-attachment-87\" class=\"wp-caption-text\">Cysill a Cysgeir yn <strong>Microsoft Outlook 2016<\/strong><\/figcaption><\/figure>\n<h3><\/h3>\n<h3>Gwirio testunau ym mhob man arall&#8230;<\/h3>\n<p>Mae Cysill yn gallu gweithio&#8217;n annibynnol hefyd er mwyn gallu gwirio testunau o fewn unrhyw feddalwedd arall ar eich cyfrifiadur Windows e.e. porwr gwe, ffurflenni, golygydd testun.<\/p>\n<p>Er mwyn gwneud hyn<\/p>\n<ul>\n<li>amlygwch unrhyw destun rydych angen ei wirio<\/li>\n<li>pwyswch Ctrl, Alt a W ar yr un pryd<\/li>\n<\/ul>\n<p>Bydd y testun yn ymddangos yn Cysill ac yn cael ei wirio. Os yw&#8217;r rhaglen wreiddiol yn caniat\u00e1u golygu testun, bydd Cysill yn gosod y testun wedi ei gywiro yn \u00f4l yn ei safle gwreiddiol ar \u00f4l gorffen gwirio.<\/p>\n<figure id=\"attachment_91\" aria-describedby=\"caption-attachment-91\" style=\"width: 520px\" class=\"wp-caption aligncenter\"><a href=\"\/wp-content\/uploads\/2017\/04\/bysellaubrys.png\"><img loading=\"lazy\" decoding=\"async\" class=\"wp-image-91 size-full\" src=\"\/wp-content\/uploads\/2018\/06\/bysellaubrys.png\" alt=\"\" width=\"520\" height=\"427\" \/><\/a><figcaption id=\"caption-attachment-91\" class=\"wp-caption-text\">Mae&#8217;n bosib dewis bysellau brys eich hun drwy ddewis &#8216;Dangos -&gt; Dewisiadau -&gt; Bysellau Brys&#8217; yn newislen Cysill<\/figcaption><\/figure>\n<h3>Thesawrws<\/h3>\n<p>Mae Cysill hefyd yn cynnwys thesawrws sy&#8217;n eich helpu i ddod o hyd i eiriau gwahanol sydd ag ystyr tebyg i&#8217;w gilydd, er mwyn gwella&#8217;ch geirfa ac amrywio&#8217;ch arddull.<\/p>\n<figure id=\"attachment_94\" aria-describedby=\"caption-attachment-94\" style=\"width: 584px\" class=\"wp-caption aligncenter\"><a href=\"\/wp-content\/uploads\/2017\/04\/cysill-thesawrws.png\"><img loading=\"lazy\" decoding=\"async\" class=\"wp-image-94 size-full\" src=\"\/wp-content\/uploads\/2018\/06\/cysill-thesawrws.png\" alt=\"\" width=\"584\" height=\"342\" \/><\/a><figcaption id=\"caption-attachment-94\" class=\"wp-caption-text\">Rhai o\u2019r cyfystyron mae Cysill yn eu cynnig am \u2018hapus\u2019<\/figcaption><\/figure>\n","protected":false},"excerpt":{"rendered":"<p>Gwirydd sillafu a gramadeg Cymraeg Mae&#8217;r gwirydd sillafu Cysill yn adnabod gwallau teipio a chamsillafu, gan dynnu sylw atyn nhw a chynnig cywiriadau. Mae\u2019r gwirydd gramadeg yn gallu cywiro camdreiglo a chamgymeriadau gramadegol, gan roi\u2019r rheswm pam mae&#8217;r gwall yn cael ei ystyried yn anghywir. Gwirio testunau o fewn offer prosesu geiriau Mae&#8217;r rhaglen yn&hellip;<\/p>\n<p><a class=\"more-link\" href=\"https:\/\/www.cysgliad.com\/cy\/cysill\/\" title=\"Continue reading &lsquo;Cysill&rsquo;\">Continue reading <span class=\"meta-nav\">&rarr;<\/span><\/a><\/p>\n","protected":false},"author":1,"featured_media":0,"parent":0,"menu_order":0,"comment_status":"closed","ping_status":"closed","template":"","meta":{"footnotes":""},"class_list":["post-23","page","type-page","status-publish","hentry"],"_links":{"self":[{"href":"https:\/\/www.cysgliad.com\/cy\/wp-json\/wp\/v2\/pages\/23"}],"collection":[{"href":"https:\/\/www.cysgliad.com\/cy\/wp-json\/wp\/v2\/pages"}],"about":[{"href":"https:\/\/www.cysgliad.com\/cy\/wp-json\/wp\/v2\/types\/page"}],"author":[{"embeddable":true,"href":"https:\/\/www.cysgliad.com\/cy\/wp-json\/wp\/v2\/users\/1"}],"replies":[{"embeddable":true,"href":"https:\/\/www.cysgliad.com\/cy\/wp-json\/wp\/v2\/comments?post=23"}],"version-history":[{"count":7,"href":"https:\/\/www.cysgliad.com\/cy\/wp-json\/wp\/v2\/pages\/23\/revisions"}],"predecessor-version":[{"id":161,"href":"https:\/\/www.cysgliad.com\/cy\/wp-json\/wp\/v2\/pages\/23\/revisions\/161"}],"wp:attachment":[{"href":"https:\/\/www.cysgliad.com\/cy\/wp-json\/wp\/v2\/media?parent=23"}],"curies":[{"name":"wp","href":"https:\/\/api.w.org\/{rel}","templated":true}]}}